{"id":382,"date":"2025-10-31T13:34:24","date_gmt":"2025-10-31T12:34:24","guid":{"rendered":"https:\/\/cerese-group.com\/app\/?page_id=382"},"modified":"2025-12-16T17:18:00","modified_gmt":"2025-12-16T16:18:00","slug":"projets","status":"publish","type":"page","link":"https:\/\/cerese-group.com\/app\/projets\/","title":{"rendered":"Projets"},"content":{"rendered":"\t\t<div data-elementor-type=\"wp-page\" data-elementor-id=\"382\" class=\"elementor elementor-382\" data-elementor-post-type=\"page\">\n\t\t\t\t<div class=\"elementor-element elementor-element-1468ef5c e-con-full e-flex e-con e-parent\" data-id=\"1468ef5c\" data-element_type=\"container\">\n\t\t<div class=\"elementor-element elementor-element-831311 e-flex e-con-boxed e-con e-child\" data-id=\"831311\" data-element_type=\"container\" data-settings=\"{&quot;background_background&quot;:&quot;gradient&quot;}\">\n\t\t\t\t\t<div class=\"e-con-inner\">\n\t\t\t\t<div class=\"elementor-element elementor-element-54558fad elementor-widget elementor-widget-heading\" data-id=\"54558fad\" data-element_type=\"widget\" data-settings=\"{&quot;ekit_we_effect_on&quot;:&quot;none&quot;}\" data-widget_type=\"heading.default\">\n\t\t\t\t\t<h1 class=\"elementor-heading-title elementor-size-default\">Projets<\/h1>\t\t\t\t<\/div>\n\t\t\t\t<div class=\"elementor-element elementor-element-46727212 elementor-widget elementor-widget-text-editor\" data-id=\"46727212\" data-element_type=\"widget\" data-settings=\"{&quot;ekit_we_effect_on&quot;:&quot;none&quot;}\" data-widget_type=\"text-editor.default\">\n\t\t\t\t\t\t\t\t\t<p><a href=\"https:\/\/cerese-group.com\/app\">Accueil<\/a>&gt; Nos projets, recherches et publications<\/p>\t\t\t\t\t\t\t\t<\/div>\n\t\t\t\t\t<\/div>\n\t\t\t\t<\/div>\n\t\t\t\t<\/div>\n\t\t<div class=\"elementor-element elementor-element-2215341b e-flex e-con-boxed e-con e-parent\" data-id=\"2215341b\" data-element_type=\"container\">\n\t\t\t\t\t<div class=\"e-con-inner\">\n\t\t<div class=\"elementor-element elementor-element-5c5c070d e-con-full e-flex e-con e-child\" data-id=\"5c5c070d\" data-element_type=\"container\">\n\t\t<div class=\"elementor-element elementor-element-7d0289c8 e-con-full e-flex e-con e-child\" data-id=\"7d0289c8\" data-element_type=\"container\">\n\t\t\t\t<div class=\"elementor-element elementor-element-5dfdd8b4 elementor-widget elementor-widget-heading\" data-id=\"5dfdd8b4\" data-element_type=\"widget\" data-settings=\"{&quot;ekit_we_effect_on&quot;:&quot;none&quot;}\" data-widget_type=\"heading.default\">\n\t\t\t\t\t<h6 class=\"elementor-heading-title elementor-size-default\">Des actions concr\u00e8tes et des r\u00e9sultats scientifiques au service de l\u2019environnement.<\/h6>\t\t\t\t<\/div>\n\t\t\t\t<div class=\"elementor-element elementor-element-51124d71 elementor-widget elementor-widget-heading\" data-id=\"51124d71\" data-element_type=\"widget\" data-settings=\"{&quot;ekit_we_effect_on&quot;:&quot;none&quot;}\" data-widget_type=\"heading.default\">\n\t\t\t\t\t<h2 class=\"elementor-heading-title elementor-size-default\">\ud83c\udf3f Parce que la science et l\u2019action sont indissociables de notre mission pour un d\u00e9veloppement durable.<\/h2>\t\t\t\t<\/div>\n\t\t<div class=\"elementor-element elementor-element-4d26f3b2 e-con-full animated-slow e-flex elementor-invisible e-con e-child\" data-id=\"4d26f3b2\" data-element_type=\"container\" data-settings=\"{&quot;animation&quot;:&quot;fadeInLeft&quot;}\">\n\t\t\t\t<div class=\"elementor-element elementor-element-41f1ed45 elementor-widget elementor-widget-text-editor\" data-id=\"41f1ed45\" data-element_type=\"widget\" data-settings=\"{&quot;ekit_we_effect_on&quot;:&quot;none&quot;}\" data-widget_type=\"text-editor.default\">\n\t\t\t\t\t\t\t\t\t<p>Au <strong data-start=\"916\" data-end=\"930\">CERESE SAS<\/strong>, chaque projet est une <strong data-start=\"954\" data-end=\"979\">exp\u00e9rience de terrain<\/strong>, chaque \u00e9tude une <strong data-start=\"998\" data-end=\"1018\">source de savoir<\/strong>, et chaque publication un <strong data-start=\"1045\" data-end=\"1073\">partage de connaissances<\/strong>.<br data-start=\"1074\" data-end=\"1077\" \/>Cette page regroupe l\u2019ensemble de nos <strong data-start=\"1115\" data-end=\"1147\">projets r\u00e9alis\u00e9s ou en cours<\/strong>, ainsi que nos <strong data-start=\"1163\" data-end=\"1218\">publications scientifiques et ressources techniques<\/strong>.<\/p>\t\t\t\t\t\t\t\t<\/div>\n\t\t\t\t<\/div>\n\t\t\t\t<\/div>\n\t\t\t\t<\/div>\n\t\t\t\t\t<\/div>\n\t\t\t\t<\/div>\n\t\t<div class=\"elementor-element elementor-element-570511e1 e-flex e-con-boxed e-con e-parent\" data-id=\"570511e1\" data-element_type=\"container\">\n\t\t\t\t\t<div class=\"e-con-inner\">\n\t\t<div class=\"elementor-element elementor-element-32460646 e-con-full e-flex e-con e-child\" data-id=\"32460646\" data-element_type=\"container\">\n\t\t\t\t<div class=\"elementor-element elementor-element-7b045775 elementor-widget elementor-widget-heading\" data-id=\"7b045775\" data-element_type=\"widget\" data-settings=\"{&quot;ekit_we_effect_on&quot;:&quot;none&quot;}\" data-widget_type=\"heading.default\">\n\t\t\t\t\t<h6 class=\"elementor-heading-title elementor-size-default\">Des projets ancr\u00e9s dans la recherche et le terrain<\/h6>\t\t\t\t<\/div>\n\t\t\t\t<div class=\"elementor-element elementor-element-e566950 elementor-widget elementor-widget-text-editor\" data-id=\"e566950\" data-element_type=\"widget\" data-settings=\"{&quot;ekit_we_effect_on&quot;:&quot;none&quot;}\" data-widget_type=\"text-editor.default\">\n\t\t\t\t\t\t\t\t\t<p>Nos projets traduisent notre engagement pour la <strong data-start=\"1521\" data-end=\"1556\">pr\u00e9servation de l\u2019environnement<\/strong> et la <strong data-start=\"1563\" data-end=\"1599\">promotion des solutions durables<\/strong> au B\u00e9nin et en Afrique de l\u2019Ouest.<br data-start=\"1634\" data-end=\"1637\" \/>Ils couvrent des th\u00e9matiques telles que la <strong data-start=\"1680\" data-end=\"1700\">gestion de l\u2019eau<\/strong>, la <strong data-start=\"1705\" data-end=\"1730\">restauration des sols<\/strong>, la <strong data-start=\"1735\" data-end=\"1751\">biodiversit\u00e9<\/strong>, et l\u2019<strong data-start=\"1758\" data-end=\"1789\">innovation environnementale<\/strong>.<\/p>\t\t\t\t\t\t\t\t<\/div>\n\t\t\t\t<\/div>\n\t\t\t\t<div class=\"elementor-element elementor-element-650ca126 elementor-widget elementor-widget-elementskit-blog-posts\" data-id=\"650ca126\" data-element_type=\"widget\" data-settings=\"{&quot;ekit_we_effect_on&quot;:&quot;none&quot;}\" data-widget_type=\"elementskit-blog-posts.default\">\n\t\t\t\t\t<div class=\"ekit-wid-con\" >\n        <div id=\"post-items--650ca126\" class=\"row post-items ekit-blog-posts-content wihout-masonry \" data-enable=\"no\">\n\n\t\t\t<!-- Blog Carousel markup render -->\n\t\t\t\n\n            <div class=\"col-lg-4 col-md-6\">\n\n                                    <div class=\"elementskit-post-image-card\">\n                        <div class=\"elementskit-entry-header\">\n                            \n                                                            <div class=\"elementskit-meta-categories\">\n                                    <span class=\"elementskit-meta-wraper\">\n                                        <span><a href=\"https:\/\/cerese-group.com\/app\/category\/projets\/\" rel=\"category tag\">Projets<\/a><\/span>\n                                    <\/span>\n                                <\/div>\n                            \n                                                    <\/div><!-- .elementskit-entry-header END -->\n\n                        <div class=\"elementskit-post-body \">\n                            \n                                                                                                                <div class=\"post-meta-list\">\n                                                                        <span class=\"meta-author\">\n                                \n                                    <i aria-hidden=\"true\" class=\"icon icon-user\"><\/i>\n                                                                <a href=\"https:\/\/cerese-group.com\/app\/author\/cerese_benin\/\" class=\"author-name\">cerese_benin<\/a>\n                            <\/span>\n                                                                                                                                                                                                                        <span class=\"post-cat\">\n\n                                <i aria-hidden=\"true\" class=\"icon icon-folder\"><\/i>\n\t\t\t\t\t\t\t\t<a href=\"https:\/\/cerese-group.com\/app\/category\/projets\/\" rel=\"category tag\">Projets<\/a>\n                            <\/span>\n                                                                                    <\/div>\n                                                                        \n                                        \n                                        \t\t\t\t\t\t\t\t\t\t                <h2 class=\"entry-title\">\n                    <a href=\"https:\/\/cerese-group.com\/app\/demos-projet\/\">\n                            D\u00e9mos projet                    <\/a>\n                <\/h2>\n                                                                                                                                                    \t\t\t\t\t\t\t\t\t\t<p><\/p>\n                                                                                                                                                <\/div><!-- .elementskit-post-body END -->\n                    <\/div>\n                \n            <\/div>\t\t\t\t        <\/div>\n        \n        \n        <\/div>\t\t\t\t<\/div>\n\t\t\t\t\t<\/div>\n\t\t\t\t<\/div>\n\t\t<div class=\"elementor-element elementor-element-2547f30 e-flex e-con-boxed e-con e-parent\" data-id=\"2547f30\" data-element_type=\"container\">\n\t\t\t\t\t<div class=\"e-con-inner\">\n\t\t<div class=\"elementor-element elementor-element-aeae6db e-con-full e-flex e-con e-child\" data-id=\"aeae6db\" data-element_type=\"container\">\n\t\t\t\t<div class=\"elementor-element elementor-element-01b8671 elementor-widget elementor-widget-heading\" data-id=\"01b8671\" data-element_type=\"widget\" data-settings=\"{&quot;ekit_we_effect_on&quot;:&quot;none&quot;}\" data-widget_type=\"heading.default\">\n\t\t\t\t\t<h6 class=\"elementor-heading-title elementor-size-default\">Publications &amp; Ressources<\/h6>\t\t\t\t<\/div>\n\t\t\t\t<div class=\"elementor-element elementor-element-485e37d elementor-widget elementor-widget-text-editor\" data-id=\"485e37d\" data-element_type=\"widget\" data-settings=\"{&quot;ekit_we_effect_on&quot;:&quot;none&quot;}\" data-widget_type=\"text-editor.default\">\n\t\t\t\t\t\t\t\t\t<p>La diffusion du savoir est au c\u0153ur de notre mission.<br data-start=\"3585\" data-end=\"3588\" \/>Le CERESE partage ici ses <strong data-start=\"3614\" data-end=\"3679\">rapports techniques, \u00e9tudes scientifiques, notes de recherche<\/strong> et <strong data-start=\"3683\" data-end=\"3709\">publications publiques<\/strong> issues de ses travaux.<\/p>\t\t\t\t\t\t\t\t<\/div>\n\t\t\t\t<\/div>\n\t\t\t\t<div class=\"elementor-element elementor-element-e32bba1 elementor-widget elementor-widget-elementskit-blog-posts\" data-id=\"e32bba1\" data-element_type=\"widget\" data-settings=\"{&quot;ekit_we_effect_on&quot;:&quot;none&quot;}\" data-widget_type=\"elementskit-blog-posts.default\">\n\t\t\t\t\t<div class=\"ekit-wid-con\" >\n        <div id=\"post-items--e32bba1\" class=\"row post-items ekit-blog-posts-content wihout-masonry \" data-enable=\"no\">\n\n\t\t\t<!-- Blog Carousel markup render -->\n\t\t\t\n\n            <div class=\"col-lg-4 col-md-6\">\n\n                                    <div class=\"elementskit-post-image-card\">\n                        <div class=\"elementskit-entry-header\">\n                            \n                                                            <div class=\"elementskit-meta-categories\">\n                                    <span class=\"elementskit-meta-wraper\">\n                                        <span><a href=\"https:\/\/cerese-group.com\/app\/category\/publications-et-ressources\/\" rel=\"category tag\">Publications et ressources<\/a><\/span>\n                                    <\/span>\n                                <\/div>\n                            \n                                                    <\/div><!-- .elementskit-entry-header END -->\n\n                        <div class=\"elementskit-post-body \">\n                            \n                                                                                                                <div class=\"post-meta-list\">\n                                                                        <span class=\"meta-author\">\n                                \n                                    <i aria-hidden=\"true\" class=\"icon icon-user\"><\/i>\n                                                                <a href=\"https:\/\/cerese-group.com\/app\/author\/cerese_benin\/\" class=\"author-name\">cerese_benin<\/a>\n                            <\/span>\n                                                                                                                                                                                                <span class=\"meta-date\">\n\n                                <i aria-hidden=\"true\" class=\"icon icon-calendar3\"><\/i>\n                                <span class=\"meta-date-text\">\n                                    2 novembre 2025                                <\/span>\n                            <\/span>\n                                                                                                            <\/div>\n                                                                        \n                                        \n                                        \t\t\t\t\t\t\t\t\t\t                <h2 class=\"entry-title\">\n                    <a href=\"https:\/\/cerese-group.com\/app\/demos-publication-et-ressource\/\">\n                            D\u00e9mos publication et ressource                    <\/a>\n                <\/h2>\n                                                                                                                                                    \t\t\t\t\t\t\t\t\t\t<p><\/p>\n                                                                                                                                                <\/div><!-- .elementskit-post-body END -->\n                    <\/div>\n                \n            <\/div>\t\t\t\t        <\/div>\n        \n        \n        <\/div>\t\t\t\t<\/div>\n\t\t\t\t\t<\/div>\n\t\t\t\t<\/div>\n\t\t\t\t<\/div>\n\t\t","protected":false},"excerpt":{"rendered":"<p>Projets Accueil&gt; Nos projets, recherches et publications Des actions concr\u00e8tes et des r\u00e9sultats scientifiques au service de l\u2019environnement. \ud83c\udf3f Parce que la science et l\u2019action sont indissociables de notre mission pour un d\u00e9veloppement durable. Au CERESE SAS, chaque projet est une exp\u00e9rience de terrain, chaque \u00e9tude une source de savoir, et chaque publication un partage [&hellip;] <\/p>\n","protected":false},"author":1,"featured_media":0,"parent":0,"menu_order":0,"comment_status":"closed","ping_status":"closed","template":"elementor_header_footer","meta":{"footnotes":""},"class_list":["post-382","page","type-page","status-publish","hentry"],"_links":{"self":[{"href":"https:\/\/cerese-group.com\/app\/wp-json\/wp\/v2\/pages\/382","targetHints":{"allow":["GET"]}}],"collection":[{"href":"https:\/\/cerese-group.com\/app\/wp-json\/wp\/v2\/pages"}],"about":[{"href":"https:\/\/cerese-group.com\/app\/wp-json\/wp\/v2\/types\/page"}],"author":[{"embeddable":true,"href":"https:\/\/cerese-group.com\/app\/wp-json\/wp\/v2\/users\/1"}],"replies":[{"embeddable":true,"href":"https:\/\/cerese-group.com\/app\/wp-json\/wp\/v2\/comments?post=382"}],"version-history":[{"count":13,"href":"https:\/\/cerese-group.com\/app\/wp-json\/wp\/v2\/pages\/382\/revisions"}],"predecessor-version":[{"id":923,"href":"https:\/\/cerese-group.com\/app\/wp-json\/wp\/v2\/pages\/382\/revisions\/923"}],"wp:attachment":[{"href":"https:\/\/cerese-group.com\/app\/wp-json\/wp\/v2\/media?parent=382"}],"curies":[{"name":"wp","href":"https:\/\/api.w.org\/{rel}","templated":true}]}}