{"id":359,"date":"2025-10-30T02:38:59","date_gmt":"2025-10-30T01:38:59","guid":{"rendered":"https:\/\/cerese-group.com\/app\/?page_id=359"},"modified":"2025-12-16T17:22:19","modified_gmt":"2025-12-16T16:22:19","slug":"blog-actualites","status":"publish","type":"page","link":"https:\/\/cerese-group.com\/app\/blog-actualites\/","title":{"rendered":"Blog &amp; Actualit\u00e9s"},"content":{"rendered":"\t\t<div data-elementor-type=\"wp-page\" data-elementor-id=\"359\" class=\"elementor elementor-359\" data-elementor-post-type=\"page\">\n\t\t\t\t<div class=\"elementor-element elementor-element-7fd284b2 e-con-full e-flex e-con e-parent\" data-id=\"7fd284b2\" data-element_type=\"container\">\n\t\t<div class=\"elementor-element elementor-element-56b08310 e-flex e-con-boxed e-con e-child\" data-id=\"56b08310\" data-element_type=\"container\" data-settings=\"{&quot;background_background&quot;:&quot;gradient&quot;}\">\n\t\t\t\t\t<div class=\"e-con-inner\">\n\t\t\t\t<div class=\"elementor-element elementor-element-d544658 elementor-widget elementor-widget-heading\" data-id=\"d544658\" data-element_type=\"widget\" data-settings=\"{&quot;ekit_we_effect_on&quot;:&quot;none&quot;}\" data-widget_type=\"heading.default\">\n\t\t\t\t\t<h1 class=\"elementor-heading-title elementor-size-default\">Blog &amp; Actualit\u00e9s<\/h1>\t\t\t\t<\/div>\n\t\t\t\t<div class=\"elementor-element elementor-element-6b4a3488 elementor-widget elementor-widget-text-editor\" data-id=\"6b4a3488\" data-element_type=\"widget\" data-settings=\"{&quot;ekit_we_effect_on&quot;:&quot;none&quot;}\" data-widget_type=\"text-editor.default\">\n\t\t\t\t\t\t\t\t\t<p><a href=\"https:\/\/cerese-group.com\/app\/\">Accueil<\/a>&gt; Blog &amp; Actualit\u00e9s<\/p>\t\t\t\t\t\t\t\t<\/div>\n\t\t\t\t\t<\/div>\n\t\t\t\t<\/div>\n\t\t\t\t<\/div>\n\t\t<div class=\"elementor-element elementor-element-e649131 e-flex e-con-boxed e-con e-parent\" data-id=\"e649131\" data-element_type=\"container\">\n\t\t\t\t\t<div class=\"e-con-inner\">\n\t\t<div class=\"elementor-element elementor-element-45e290dd e-con-full e-flex e-con e-child\" data-id=\"45e290dd\" data-element_type=\"container\">\n\t\t\t\t<div class=\"elementor-element elementor-element-25e346fd elementor-widget elementor-widget-heading\" data-id=\"25e346fd\" data-element_type=\"widget\" data-settings=\"{&quot;ekit_we_effect_on&quot;:&quot;none&quot;}\" data-widget_type=\"heading.default\">\n\t\t\t\t\t<h6 class=\"elementor-heading-title elementor-size-default\">D\u00e9couvrez nos articles, publications et actualit\u00e9s sur la recherche, l\u2019innovation et l\u2019environnement durable.<\/h6>\t\t\t\t<\/div>\n\t\t\t\t<div class=\"elementor-element elementor-element-0a64a38 elementor-widget elementor-widget-text-editor\" data-id=\"0a64a38\" data-element_type=\"widget\" data-settings=\"{&quot;ekit_we_effect_on&quot;:&quot;none&quot;}\" data-widget_type=\"text-editor.default\">\n\t\t\t\t\t\t\t\t\t<p data-start=\"758\" data-end=\"1185\">Bienvenue sur l\u2019espace <strong data-start=\"781\" data-end=\"803\">Blog et Actualit\u00e9s<\/strong> du <strong data-start=\"807\" data-end=\"887\">Centre d\u2019Expertise et de Recherche en Eau, Sol et Environnement (CERESE SAS)<\/strong>.<br data-start=\"888\" data-end=\"891\" \/>Ici, nous partageons nos <strong data-start=\"916\" data-end=\"989\">travaux scientifiques, projets de terrain, innovations technologiques<\/strong> et <strong data-start=\"993\" data-end=\"1035\">initiatives en faveur de la durabilit\u00e9<\/strong>.<br data-start=\"1036\" data-end=\"1039\" \/>Notre objectif est de diffuser la connaissance, d\u2019encourager la collaboration et de sensibiliser \u00e0 la pr\u00e9servation de nos ressources naturelles.<\/p><blockquote data-start=\"1187\" data-end=\"1272\"><p data-start=\"1189\" data-end=\"1272\">\ud83c\udf0d <em data-start=\"1192\" data-end=\"1272\">Parce qu\u2019une information partag\u00e9e, c\u2019est d\u00e9j\u00e0 une action pour l\u2019environnement<\/em><\/p><\/blockquote>\t\t\t\t\t\t\t\t<\/div>\n\t\t\t\t<\/div>\n\t\t\t\t<div class=\"elementor-element elementor-element-6aebcb0a elementor-widget elementor-widget-elementskit-blog-posts\" data-id=\"6aebcb0a\" data-element_type=\"widget\" data-settings=\"{&quot;ekit_we_effect_on&quot;:&quot;none&quot;}\" data-widget_type=\"elementskit-blog-posts.default\">\n\t\t\t\t\t<div class=\"ekit-wid-con\" >\n        <div id=\"post-items--6aebcb0a\" class=\"row post-items ekit-blog-posts-content wihout-masonry \" data-enable=\"no\">\n\n\t\t\t<!-- Blog Carousel markup render -->\n\t\t\t\n\n            <div class=\"col-lg-4 col-md-6\">\n\n                                    <div class=\"elementskit-post-image-card\">\n                        <div class=\"elementskit-entry-header\">\n                                                            <a href=\"https:\/\/cerese-group.com\/app\/etude-du-sol-pour-une-meilleure-production-de-mais\/\" class=\"elementskit-entry-thumb\">\n                                    <img decoding=\"async\" src=\"https:\/\/cerese-group.com\/app\/wp-content\/uploads\/2025\/10\/corn-fields-928384_1280.jpg\" alt=\"\u00c9tude du sol pour une meilleure production de ma\u00efs\">\n                                <\/a><!-- .elementskit-entry-thumb END -->\n                                                            \n                                                            <div class=\"elementskit-meta-categories\">\n                                    <span class=\"elementskit-meta-wraper\">\n                                        <span><a href=\"https:\/\/cerese-group.com\/app\/category\/articles\/\" rel=\"category tag\">Articles<\/a><\/span>\n                                    <\/span>\n                                <\/div>\n                            \n                                                    <\/div><!-- .elementskit-entry-header END -->\n\n                        <div class=\"elementskit-post-body \">\n                            \n                                                                                                                <div class=\"post-meta-list\">\n                                                                        <span class=\"meta-author\">\n                                \n                                    <i aria-hidden=\"true\" class=\"icon icon-user\"><\/i>\n                                                                <a href=\"https:\/\/cerese-group.com\/app\/author\/cerese_benin\/\" class=\"author-name\">cerese_benin<\/a>\n                            <\/span>\n                                                                                                                                    <\/div>\n                                                                        \n                                        \n                                        \t\t\t\t\t\t\t\t\t\t                <h2 class=\"entry-title\">\n                    <a href=\"https:\/\/cerese-group.com\/app\/etude-du-sol-pour-une-meilleure-production-de-mais\/\">\n                            \u00c9tude du sol pour une meilleure production de ma\u00efs                    <\/a>\n                <\/h2>\n                                                                                                                                                    \t\t\t\t\t\t\t\t\t\t<p>Le ma\u00efs est l\u2019une des cultures les plus importantes au B\u00e9nin et en Afrique de\u2026<\/p>\n                                                                                                                                                <\/div><!-- .elementskit-post-body END -->\n                    <\/div>\n                \n            <\/div>\t\t\t\t        <\/div>\n        \n        \n        <\/div>\t\t\t\t<\/div>\n\t\t\t\t\t<\/div>\n\t\t\t\t<\/div>\n\t\t\t\t<\/div>\n\t\t","protected":false},"excerpt":{"rendered":"<p>Blog &amp; Actualit\u00e9s Accueil&gt; Blog &amp; Actualit\u00e9s D\u00e9couvrez nos articles, publications et actualit\u00e9s sur la recherche, l\u2019innovation et l\u2019environnement durable. Bienvenue sur l\u2019espace Blog et Actualit\u00e9s du Centre d\u2019Expertise et de Recherche en Eau, Sol et Environnement (CERESE SAS).Ici, nous partageons nos travaux scientifiques, projets de terrain, innovations technologiques et initiatives en faveur de la [&hellip;] <\/p>\n","protected":false},"author":1,"featured_media":0,"parent":0,"menu_order":0,"comment_status":"closed","ping_status":"closed","template":"elementor_header_footer","meta":{"footnotes":""},"class_list":["post-359","page","type-page","status-publish","hentry"],"_links":{"self":[{"href":"https:\/\/cerese-group.com\/app\/wp-json\/wp\/v2\/pages\/359","targetHints":{"allow":["GET"]}}],"collection":[{"href":"https:\/\/cerese-group.com\/app\/wp-json\/wp\/v2\/pages"}],"about":[{"href":"https:\/\/cerese-group.com\/app\/wp-json\/wp\/v2\/types\/page"}],"author":[{"embeddable":true,"href":"https:\/\/cerese-group.com\/app\/wp-json\/wp\/v2\/users\/1"}],"replies":[{"embeddable":true,"href":"https:\/\/cerese-group.com\/app\/wp-json\/wp\/v2\/comments?post=359"}],"version-history":[{"count":12,"href":"https:\/\/cerese-group.com\/app\/wp-json\/wp\/v2\/pages\/359\/revisions"}],"predecessor-version":[{"id":926,"href":"https:\/\/cerese-group.com\/app\/wp-json\/wp\/v2\/pages\/359\/revisions\/926"}],"wp:attachment":[{"href":"https:\/\/cerese-group.com\/app\/wp-json\/wp\/v2\/media?parent=359"}],"curies":[{"name":"wp","href":"https:\/\/api.w.org\/{rel}","templated":true}]}}