{"id":279,"date":"2025-10-29T04:32:25","date_gmt":"2025-10-29T03:32:25","guid":{"rendered":"https:\/\/cerese-group.com\/app\/?page_id=279"},"modified":"2025-12-16T17:13:09","modified_gmt":"2025-12-16T16:13:09","slug":"conseil-et-renforcement-des-capacites","status":"publish","type":"page","link":"https:\/\/cerese-group.com\/app\/services\/conseil-et-renforcement-des-capacites\/","title":{"rendered":"Conseil et Renforcement des Capacit\u00e9s"},"content":{"rendered":"\t\t<div data-elementor-type=\"wp-page\" data-elementor-id=\"279\" class=\"elementor elementor-279\" data-elementor-post-type=\"page\">\n\t\t\t\t<div class=\"elementor-element elementor-element-2abf2116 e-con-full e-flex e-con e-parent\" data-id=\"2abf2116\" data-element_type=\"container\">\n\t\t<div class=\"elementor-element elementor-element-5db91d97 e-flex e-con-boxed e-con e-child\" data-id=\"5db91d97\" data-element_type=\"container\" data-settings=\"{&quot;background_background&quot;:&quot;gradient&quot;}\">\n\t\t\t\t\t<div class=\"e-con-inner\">\n\t\t\t\t<div class=\"elementor-element elementor-element-987e4dc elementor-widget elementor-widget-heading\" data-id=\"987e4dc\" data-element_type=\"widget\" data-settings=\"{&quot;ekit_we_effect_on&quot;:&quot;none&quot;}\" data-widget_type=\"heading.default\">\n\t\t\t\t\t<h1 class=\"elementor-heading-title elementor-size-default\">Conseil et Renforcement des Capacit\u00e9s<\/h1>\t\t\t\t<\/div>\n\t\t\t\t<div class=\"elementor-element elementor-element-27048c13 elementor-widget elementor-widget-text-editor\" data-id=\"27048c13\" data-element_type=\"widget\" data-settings=\"{&quot;ekit_we_effect_on&quot;:&quot;none&quot;}\" data-widget_type=\"text-editor.default\">\n\t\t\t\t\t\t\t\t\t<p><a href=\"https:\/\/cerese-group.com\/app\/\">Accueil<\/a>&gt;<a href=\"https:\/\/cerese-group.com\/app\/services\/\"> Services<\/a> &gt; Conseil et Renforcement des Capacit\u00e9s<\/p>\t\t\t\t\t\t\t\t<\/div>\n\t\t\t\t\t<\/div>\n\t\t\t\t<\/div>\n\t\t\t\t<\/div>\n\t\t<div class=\"elementor-element elementor-element-78045e6f e-flex e-con-boxed e-con e-parent\" data-id=\"78045e6f\" data-element_type=\"container\">\n\t\t\t\t\t<div class=\"e-con-inner\">\n\t\t<div class=\"elementor-element elementor-element-5157d5ce e-con-full e-flex e-con e-child\" data-id=\"5157d5ce\" data-element_type=\"container\">\n\t\t\t\t<div class=\"elementor-element elementor-element-2afcee0c elementor-widget elementor-widget-heading\" data-id=\"2afcee0c\" data-element_type=\"widget\" data-settings=\"{&quot;ekit_we_effect_on&quot;:&quot;none&quot;}\" data-widget_type=\"heading.default\">\n\t\t\t\t\t<h2 class=\"elementor-heading-title elementor-size-default\">Accompagner, former et outiller pour la durabilit\u00e9.<\/h2>\t\t\t\t<\/div>\n\t\t\t\t<div class=\"elementor-element elementor-element-21612965 elementor-widget elementor-widget-text-editor\" data-id=\"21612965\" data-element_type=\"widget\" data-settings=\"{&quot;ekit_we_effect_on&quot;:&quot;none&quot;}\" data-widget_type=\"text-editor.default\">\n\t\t\t\t\t\t\t\t\t<p data-start=\"5806\" data-end=\"6062\">Ce d\u00e9partement intervient dans le <strong data-start=\"5840\" data-end=\"5919\">conseil strat\u00e9gique, la formation professionnelle et l\u2019appui institutionnel<\/strong>.<br data-start=\"5920\" data-end=\"5923\" \/>Il permet de renforcer les comp\u00e9tences et la gouvernance environnementale \u00e0 travers la transmission du savoir et de l\u2019exp\u00e9rience du CERESE.<\/p>\t\t\t\t\t\t\t\t<\/div>\n\t\t\t\t<div class=\"elementor-element elementor-element-61f55fa8 elementor-widget elementor-widget-image\" data-id=\"61f55fa8\" data-element_type=\"widget\" data-settings=\"{&quot;ekit_we_effect_on&quot;:&quot;none&quot;}\" data-widget_type=\"image.default\">\n\t\t\t\t\t\t\t\t\t\t\t\t\t\t\t<img fetchpriority=\"high\" decoding=\"async\" width=\"2560\" height=\"1440\" src=\"https:\/\/cerese-group.com\/app\/wp-content\/uploads\/2025\/10\/DJI_0335-scaled.webp\" class=\"attachment-full size-full wp-image-102\" alt=\"CERESE\" srcset=\"https:\/\/cerese-group.com\/app\/wp-content\/uploads\/2025\/10\/DJI_0335-scaled.webp 2560w, https:\/\/cerese-group.com\/app\/wp-content\/uploads\/2025\/10\/DJI_0335-300x169.webp 300w, https:\/\/cerese-group.com\/app\/wp-content\/uploads\/2025\/10\/DJI_0335-1024x576.webp 1024w, https:\/\/cerese-group.com\/app\/wp-content\/uploads\/2025\/10\/DJI_0335-768x432.webp 768w, https:\/\/cerese-group.com\/app\/wp-content\/uploads\/2025\/10\/DJI_0335-1536x864.webp 1536w, https:\/\/cerese-group.com\/app\/wp-content\/uploads\/2025\/10\/DJI_0335-2048x1152.webp 2048w\" sizes=\"(max-width: 2560px) 100vw, 2560px\" \/>\t\t\t\t\t\t\t\t\t\t\t\t\t\t\t<\/div>\n\t\t\t\t<div class=\"elementor-element elementor-element-2516fda elementor-widget elementor-widget-text-editor\" data-id=\"2516fda\" data-element_type=\"widget\" data-settings=\"{&quot;ekit_we_effect_on&quot;:&quot;none&quot;}\" data-widget_type=\"text-editor.default\">\n\t\t\t\t\t\t\t\t\t<h3 data-start=\"6064\" data-end=\"6086\"><strong data-start=\"6068\" data-end=\"6086\">Nos services :<\/strong><\/h3><ul data-start=\"6087\" data-end=\"6553\"><li data-start=\"6087\" data-end=\"6232\"><p data-start=\"6089\" data-end=\"6232\"><strong data-start=\"6089\" data-end=\"6128\">Conseil juridique et institutionnel<\/strong> : assistance-conseil sur la r\u00e9glementation environnementale, les normes et la conformit\u00e9 des projets.<\/p><\/li><li data-start=\"6233\" data-end=\"6401\"><p data-start=\"6235\" data-end=\"6401\"><strong data-start=\"6235\" data-end=\"6278\">Formation et renforcement des capacit\u00e9s<\/strong> : organisation de sessions de formation technique et scientifique pour les professionnels, les collectivit\u00e9s et les ONG.<\/p><\/li><li data-start=\"6402\" data-end=\"6553\"><p data-start=\"6404\" data-end=\"6553\"><strong data-start=\"6404\" data-end=\"6434\">Accompagnement strat\u00e9gique<\/strong> : appui \u00e0 la planification environnementale, \u00e0 la conception de politiques publiques et de programmes de durabilit\u00e9.<\/p><\/li><\/ul>\t\t\t\t\t\t\t\t<\/div>\n\t\t\t\t<div class=\"elementor-element elementor-element-9440a33 elementor-widget elementor-widget-image-gallery\" data-id=\"9440a33\" data-element_type=\"widget\" data-settings=\"{&quot;ekit_we_effect_on&quot;:&quot;none&quot;}\" data-widget_type=\"image-gallery.default\">\n\t\t\t\t\t\t\t<div class=\"elementor-image-gallery\">\n\t\t\t<div id='gallery-1' class='gallery galleryid-279 gallery-columns-2 gallery-size-thumbnail'><figure class='gallery-item'>\n\t\t\t<div class='gallery-icon landscape'>\n\t\t\t\t<a data-elementor-open-lightbox=\"yes\" data-elementor-lightbox-slideshow=\"9440a33\" data-elementor-lightbox-title=\"cpr 1\" data-e-action-hash=\"#elementor-action%3Aaction%3Dlightbox%26settings%3DeyJpZCI6MTA4LCJ1cmwiOiJodHRwczpcL1wvY2VyZXNlLWdyb3VwLmNvbVwvYXBwXC93cC1jb250ZW50XC91cGxvYWRzXC8yMDI1XC8xMFwvQ2FwdHVyZS1kZWNyYW4tZHUtMjAyNS0xMC0yNC0xNy0zNC0zNC53ZWJwIiwic2xpZGVzaG93IjoiOTQ0MGEzMyJ9\" href='https:\/\/cerese-group.com\/app\/wp-content\/uploads\/2025\/10\/Capture-decran-du-2025-10-24-17-34-34.webp'><img decoding=\"async\" width=\"150\" height=\"150\" src=\"https:\/\/cerese-group.com\/app\/wp-content\/uploads\/2025\/10\/Capture-decran-du-2025-10-24-17-34-34-150x150.webp\" class=\"attachment-thumbnail size-thumbnail\" alt=\"\" \/><\/a>\n\t\t\t<\/div><\/figure><figure class='gallery-item'>\n\t\t\t<div class='gallery-icon landscape'>\n\t\t\t\t<a data-elementor-open-lightbox=\"yes\" data-elementor-lightbox-slideshow=\"9440a33\" data-elementor-lightbox-title=\"cpr1\" data-e-action-hash=\"#elementor-action%3Aaction%3Dlightbox%26settings%3DeyJpZCI6MTEyLCJ1cmwiOiJodHRwczpcL1wvY2VyZXNlLWdyb3VwLmNvbVwvYXBwXC93cC1jb250ZW50XC91cGxvYWRzXC8yMDI1XC8xMFwvY3ByMS5qcGciLCJzbGlkZXNob3ciOiI5NDQwYTMzIn0%3D\" href='https:\/\/cerese-group.com\/app\/wp-content\/uploads\/2025\/10\/cpr1.jpg'><img decoding=\"async\" width=\"150\" height=\"150\" src=\"https:\/\/cerese-group.com\/app\/wp-content\/uploads\/2025\/10\/cpr1-150x150.jpg\" class=\"attachment-thumbnail size-thumbnail\" alt=\"\" srcset=\"https:\/\/cerese-group.com\/app\/wp-content\/uploads\/2025\/10\/cpr1-150x150.jpg 150w, https:\/\/cerese-group.com\/app\/wp-content\/uploads\/2025\/10\/cpr1-300x300.jpg 300w, https:\/\/cerese-group.com\/app\/wp-content\/uploads\/2025\/10\/cpr1-768x768.jpg 768w, https:\/\/cerese-group.com\/app\/wp-content\/uploads\/2025\/10\/cpr1.jpg 970w\" sizes=\"(max-width: 150px) 100vw, 150px\" \/><\/a>\n\t\t\t<\/div><\/figure>\n\t\t<\/div>\n\t\t<\/div>\n\t\t\t\t\t\t<\/div>\n\t\t\t\t<div class=\"elementor-element elementor-element-1bf8f784 elementor-widget elementor-widget-text-editor\" data-id=\"1bf8f784\" data-element_type=\"widget\" data-settings=\"{&quot;ekit_we_effect_on&quot;:&quot;none&quot;}\" data-widget_type=\"text-editor.default\">\n\t\t\t\t\t\t\t\t\t<h3 data-start=\"6555\" data-end=\"6575\"><strong data-start=\"6559\" data-end=\"6575\">Nos atouts :<\/strong><\/h3><ul data-start=\"6576\" data-end=\"6767\"><li data-start=\"6576\" data-end=\"6644\"><p data-start=\"6578\" data-end=\"6644\">Formateurs exp\u00e9riment\u00e9s issus du monde acad\u00e9mique et du terrain.<\/p><\/li><li data-start=\"6645\" data-end=\"6708\"><p data-start=\"6647\" data-end=\"6708\">Programmes personnalis\u00e9s selon les besoins des partenaires.<\/p><\/li><li data-start=\"6709\" data-end=\"6767\"><p data-start=\"6711\" data-end=\"6767\">Approche participative et centr\u00e9e sur la r\u00e9alit\u00e9 locale.<\/p><\/li><\/ul>\t\t\t\t\t\t\t\t<\/div>\n\t\t\t\t<\/div>\n\t\t<div class=\"elementor-element elementor-element-6c3c9293 e-con-full e-flex e-con e-child\" data-id=\"6c3c9293\" data-element_type=\"container\">\n\t\t<div class=\"elementor-element elementor-element-76e2ee3a e-con-full e-flex e-con e-child\" data-id=\"76e2ee3a\" data-element_type=\"container\">\n\t\t\t\t<div class=\"elementor-element elementor-element-427ed10e elementor-widget elementor-widget-heading\" data-id=\"427ed10e\" data-element_type=\"widget\" data-settings=\"{&quot;ekit_we_effect_on&quot;:&quot;none&quot;}\" data-widget_type=\"heading.default\">\n\t\t\t\t\t<h4 class=\"elementor-heading-title elementor-size-default\">Liste des services<\/h4>\t\t\t\t<\/div>\n\t\t\t\t<div class=\"elementor-element elementor-element-188fa54f elementor-widget elementor-widget-spacer\" data-id=\"188fa54f\" data-element_type=\"widget\" data-settings=\"{&quot;ekit_we_effect_on&quot;:&quot;none&quot;}\" data-widget_type=\"spacer.default\">\n\t\t\t\t\t\t\t<div class=\"elementor-spacer\">\n\t\t\t<div class=\"elementor-spacer-inner\"><\/div>\n\t\t<\/div>\n\t\t\t\t\t\t<\/div>\n\t\t\t\t<div class=\"elementor-element elementor-element-2b5ae76a elementor-align-justify elementor-widget elementor-widget-button\" data-id=\"2b5ae76a\" data-element_type=\"widget\" data-settings=\"{&quot;ekit_we_effect_on&quot;:&quot;none&quot;}\" data-widget_type=\"button.default\">\n\t\t\t\t\t\t\t\t\t\t<a class=\"elementor-button elementor-button-link elementor-size-sm\" href=\"https:\/\/cerese-group.com\/app\/etudes-et-ingenierie-environnementale\/\">\n\t\t\t\t\t\t<span class=\"elementor-button-content-wrapper\">\n\t\t\t\t\t\t\t\t\t<span class=\"elementor-button-text\">\u00c9tudes et Ing\u00e9nierie Environnementale<\/span>\n\t\t\t\t\t<\/span>\n\t\t\t\t\t<\/a>\n\t\t\t\t\t\t\t\t<\/div>\n\t\t\t\t<div class=\"elementor-element elementor-element-76b011cd elementor-align-justify elementor-widget elementor-widget-button\" data-id=\"76b011cd\" data-element_type=\"widget\" data-settings=\"{&quot;ekit_we_effect_on&quot;:&quot;none&quot;}\" data-widget_type=\"button.default\">\n\t\t\t\t\t\t\t\t\t\t<a class=\"elementor-button elementor-button-link elementor-size-sm\" href=\"https:\/\/cerese-group.com\/app\/collecte-analyse-de-donnees-et-gestion-des-ecosystemes\/\">\n\t\t\t\t\t\t<span class=\"elementor-button-content-wrapper\">\n\t\t\t\t\t\t\t\t\t<span class=\"elementor-button-text\">Collecte, Analyse de Donn\u00e9es et Gestion des \u00c9cosyst\u00e8mes<\/span>\n\t\t\t\t\t<\/span>\n\t\t\t\t\t<\/a>\n\t\t\t\t\t\t\t\t<\/div>\n\t\t\t\t<div class=\"elementor-element elementor-element-56739e1f elementor-align-justify elementor-widget elementor-widget-button\" data-id=\"56739e1f\" data-element_type=\"widget\" data-settings=\"{&quot;ekit_we_effect_on&quot;:&quot;none&quot;}\" data-widget_type=\"button.default\">\n\t\t\t\t\t\t\t\t\t\t<a class=\"elementor-button elementor-button-link elementor-size-sm\" href=\"https:\/\/cerese-group.com\/app\/innovation-et-systemes-intelligents\/\">\n\t\t\t\t\t\t<span class=\"elementor-button-content-wrapper\">\n\t\t\t\t\t\t\t\t\t<span class=\"elementor-button-text\">Innovation et Syst\u00e8mes Intelligents<\/span>\n\t\t\t\t\t<\/span>\n\t\t\t\t\t<\/a>\n\t\t\t\t\t\t\t\t<\/div>\n\t\t\t\t<div class=\"elementor-element elementor-element-faea23b elementor-align-justify elementor-widget elementor-widget-button\" data-id=\"faea23b\" data-element_type=\"widget\" data-settings=\"{&quot;ekit_we_effect_on&quot;:&quot;none&quot;}\" data-widget_type=\"button.default\">\n\t\t\t\t\t\t\t\t\t\t<a class=\"elementor-button elementor-button-link elementor-size-sm\" href=\"https:\/\/cerese-group.com\/app\/conseil-et-renforcement-des-capacites\/\">\n\t\t\t\t\t\t<span class=\"elementor-button-content-wrapper\">\n\t\t\t\t\t\t\t\t\t<span class=\"elementor-button-text\">Conseil et Renforcement des Capacit\u00e9s<\/span>\n\t\t\t\t\t<\/span>\n\t\t\t\t\t<\/a>\n\t\t\t\t\t\t\t\t<\/div>\n\t\t\t\t<\/div>\n\t\t<div class=\"elementor-element elementor-element-70163431 e-con-full e-flex e-con e-child\" data-id=\"70163431\" data-element_type=\"container\">\n\t\t<div class=\"elementor-element elementor-element-724030f8 e-con-full e-flex e-con e-child\" data-id=\"724030f8\" data-element_type=\"container\" data-settings=\"{&quot;background_background&quot;:&quot;classic&quot;}\">\n\t\t\t\t<\/div>\n\t\t<div class=\"elementor-element elementor-element-4dab363f e-con-full e-flex e-con e-child\" data-id=\"4dab363f\" data-element_type=\"container\" data-settings=\"{&quot;background_background&quot;:&quot;gradient&quot;}\">\n\t\t\t\t<div class=\"elementor-element elementor-element-f71ab4e elementor-widget elementor-widget-heading\" data-id=\"f71ab4e\" data-element_type=\"widget\" data-settings=\"{&quot;ekit_we_effect_on&quot;:&quot;none&quot;}\" data-widget_type=\"heading.default\">\n\t\t\t\t\t<h4 class=\"elementor-heading-title elementor-size-default\">Vous avez une question ?\u200b<\/h4>\t\t\t\t<\/div>\n\t\t\t\t<div class=\"elementor-element elementor-element-40896a0 elementor-widget elementor-widget-text-editor\" data-id=\"40896a0\" data-element_type=\"widget\" data-settings=\"{&quot;ekit_we_effect_on&quot;:&quot;none&quot;}\" data-widget_type=\"text-editor.default\">\n\t\t\t\t\t\t\t\t\t<p><strong>Contactez nos experts<\/strong><\/p>\t\t\t\t\t\t\t\t<\/div>\n\t\t\t\t<div class=\"elementor-element elementor-element-5b73edcb elementor-view-stacked elementor-position-left elementor-mobile-position-left elementor-widget-mobile__width-initial elementor-shape-circle elementor-widget elementor-widget-icon-box\" data-id=\"5b73edcb\" data-element_type=\"widget\" data-settings=\"{&quot;ekit_we_effect_on&quot;:&quot;none&quot;}\" data-widget_type=\"icon-box.default\">\n\t\t\t\t\t\t\t<div class=\"elementor-icon-box-wrapper\">\n\n\t\t\t\t\t\t<div class=\"elementor-icon-box-icon\">\n\t\t\t\t<span  class=\"elementor-icon\">\n\t\t\t\t<svg aria-hidden=\"true\" class=\"e-font-icon-svg e-fas-phone-alt\" viewBox=\"0 0 512 512\" xmlns=\"http:\/\/www.w3.org\/2000\/svg\"><path d=\"M497.39 361.8l-112-48a24 24 0 0 0-28 6.9l-49.6 60.6A370.66 370.66 0 0 1 130.6 204.11l60.6-49.6a23.94 23.94 0 0 0 6.9-28l-48-112A24.16 24.16 0 0 0 122.6.61l-104 24A24 24 0 0 0 0 48c0 256.5 207.9 464 464 464a24 24 0 0 0 23.4-18.6l24-104a24.29 24.29 0 0 0-14.01-27.6z\"><\/path><\/svg>\t\t\t\t<\/span>\n\t\t\t<\/div>\n\t\t\t\n\t\t\t\t\t\t<div class=\"elementor-icon-box-content\">\n\n\t\t\t\t\t\t\t\t\t<p class=\"elementor-icon-box-title\">\n\t\t\t\t\t\t<span  >\n\t\t\t\t\t\t\tT\u00e9l\u00e9phone\t\t\t\t\t\t<\/span>\n\t\t\t\t\t<\/p>\n\t\t\t\t\n\t\t\t\t\t\t\t\t\t<p class=\"elementor-icon-box-description\">\n\t\t\t\t\t\t+229 01 426 036 30\t\t\t\t\t<\/p>\n\t\t\t\t\n\t\t\t<\/div>\n\t\t\t\n\t\t<\/div>\n\t\t\t\t\t\t<\/div>\n\t\t\t\t<\/div>\n\t\t\t\t<\/div>\n\t\t\t\t<\/div>\n\t\t\t\t\t<\/div>\n\t\t\t\t<\/div>\n\t\t\t\t<\/div>\n\t\t","protected":false},"excerpt":{"rendered":"<p>Conseil et Renforcement des Capacit\u00e9s Accueil&gt; Services &gt; Conseil et Renforcement des Capacit\u00e9s Accompagner, former et outiller pour la durabilit\u00e9. Ce d\u00e9partement intervient dans le conseil strat\u00e9gique, la formation professionnelle et l\u2019appui institutionnel.Il permet de renforcer les comp\u00e9tences et la gouvernance environnementale \u00e0 travers la transmission du savoir et de l\u2019exp\u00e9rience du CERESE. Nos services [&hellip;]<\/p>\n","protected":false},"author":1,"featured_media":0,"parent":216,"menu_order":2,"comment_status":"closed","ping_status":"closed","template":"elementor_header_footer","meta":{"footnotes":""},"class_list":["post-279","page","type-page","status-publish","hentry"],"_links":{"self":[{"href":"https:\/\/cerese-group.com\/app\/wp-json\/wp\/v2\/pages\/279","targetHints":{"allow":["GET"]}}],"collection":[{"href":"https:\/\/cerese-group.com\/app\/wp-json\/wp\/v2\/pages"}],"about":[{"href":"https:\/\/cerese-group.com\/app\/wp-json\/wp\/v2\/types\/page"}],"author":[{"embeddable":true,"href":"https:\/\/cerese-group.com\/app\/wp-json\/wp\/v2\/users\/1"}],"replies":[{"embeddable":true,"href":"https:\/\/cerese-group.com\/app\/wp-json\/wp\/v2\/comments?post=279"}],"version-history":[{"count":11,"href":"https:\/\/cerese-group.com\/app\/wp-json\/wp\/v2\/pages\/279\/revisions"}],"predecessor-version":[{"id":920,"href":"https:\/\/cerese-group.com\/app\/wp-json\/wp\/v2\/pages\/279\/revisions\/920"}],"up":[{"embeddable":true,"href":"https:\/\/cerese-group.com\/app\/wp-json\/wp\/v2\/pages\/216"}],"wp:attachment":[{"href":"https:\/\/cerese-group.com\/app\/wp-json\/wp\/v2\/media?parent=279"}],"curies":[{"name":"wp","href":"https:\/\/api.w.org\/{rel}","templated":true}]}}