{"id":218,"date":"2025-10-29T03:31:56","date_gmt":"2025-10-29T02:31:56","guid":{"rendered":"https:\/\/cerese-group.com\/app\/?page_id=218"},"modified":"2025-12-16T16:46:26","modified_gmt":"2025-12-16T15:46:26","slug":"etudes-et-ingenierie-environnementale","status":"publish","type":"page","link":"https:\/\/cerese-group.com\/app\/services\/etudes-et-ingenierie-environnementale\/","title":{"rendered":"\u00c9tudes et Ing\u00e9nierie Environnementale"},"content":{"rendered":"\t\t<div data-elementor-type=\"wp-page\" data-elementor-id=\"218\" class=\"elementor elementor-218\" data-elementor-post-type=\"page\">\n\t\t\t\t<div class=\"elementor-element elementor-element-2abf2116 e-con-full e-flex e-con e-parent\" data-id=\"2abf2116\" data-element_type=\"container\">\n\t\t<div class=\"elementor-element elementor-element-5db91d97 e-flex e-con-boxed e-con e-child\" data-id=\"5db91d97\" data-element_type=\"container\" data-settings=\"{&quot;background_background&quot;:&quot;gradient&quot;}\">\n\t\t\t\t\t<div class=\"e-con-inner\">\n\t\t\t\t<div class=\"elementor-element elementor-element-987e4dc elementor-widget elementor-widget-heading\" data-id=\"987e4dc\" data-element_type=\"widget\" data-settings=\"{&quot;ekit_we_effect_on&quot;:&quot;none&quot;}\" data-widget_type=\"heading.default\">\n\t\t\t\t\t<h1 class=\"elementor-heading-title elementor-size-default\">\u00c9tudes et Ing\u00e9nierie Environnementale<\/h1>\t\t\t\t<\/div>\n\t\t\t\t<div class=\"elementor-element elementor-element-27048c13 elementor-widget elementor-widget-text-editor\" data-id=\"27048c13\" data-element_type=\"widget\" data-settings=\"{&quot;ekit_we_effect_on&quot;:&quot;none&quot;}\" data-widget_type=\"text-editor.default\">\n\t\t\t\t\t\t\t\t\t<p><a href=\"https:\/\/cerese-group.com\/app\/\">Accueil<\/a>&gt;<a href=\"https:\/\/cerese-group.com\/app\/services\/\"> Services<\/a> &gt; \u00c9tudes et Ing\u00e9nierie Environnementale<\/p>\t\t\t\t\t\t\t\t<\/div>\n\t\t\t\t\t<\/div>\n\t\t\t\t<\/div>\n\t\t\t\t<\/div>\n\t\t<div class=\"elementor-element elementor-element-78045e6f e-flex e-con-boxed e-con e-parent\" data-id=\"78045e6f\" data-element_type=\"container\">\n\t\t\t\t\t<div class=\"e-con-inner\">\n\t\t<div class=\"elementor-element elementor-element-5157d5ce e-con-full e-flex e-con e-child\" data-id=\"5157d5ce\" data-element_type=\"container\">\n\t\t\t\t<div class=\"elementor-element elementor-element-2afcee0c elementor-widget elementor-widget-heading\" data-id=\"2afcee0c\" data-element_type=\"widget\" data-settings=\"{&quot;ekit_we_effect_on&quot;:&quot;none&quot;}\" data-widget_type=\"heading.default\">\n\t\t\t\t\t<h2 class=\"elementor-heading-title elementor-size-default\">Des solutions techniques pour la gestion durable des ressources naturelles.<\/h2>\t\t\t\t<\/div>\n\t\t\t\t<div class=\"elementor-element elementor-element-21612965 elementor-widget elementor-widget-text-editor\" data-id=\"21612965\" data-element_type=\"widget\" data-settings=\"{&quot;ekit_we_effect_on&quot;:&quot;none&quot;}\" data-widget_type=\"text-editor.default\">\n\t\t\t\t\t\t\t\t\t<p data-start=\"1722\" data-end=\"1992\">Ce d\u00e9partement regroupe nos <strong data-start=\"1750\" data-end=\"1822\">ing\u00e9nieurs et techniciens sp\u00e9cialis\u00e9s en conception environnementale<\/strong>.<br data-start=\"1823\" data-end=\"1826\" \/>Ils accompagnent les ma\u00eetres d\u2019ouvrage, collectivit\u00e9s et entreprises dans la <strong data-start=\"1903\" data-end=\"1991\">planification, la conception et la mise en \u0153uvre de syst\u00e8mes \u00e9cologiques performants<\/strong>.<\/p><h3 data-start=\"1994\" data-end=\"2031\">\u00a0<\/h3>\t\t\t\t\t\t\t\t<\/div>\n\t\t\t\t<div class=\"elementor-element elementor-element-61f55fa8 elementor-widget elementor-widget-image\" data-id=\"61f55fa8\" data-element_type=\"widget\" data-settings=\"{&quot;ekit_we_effect_on&quot;:&quot;none&quot;}\" data-widget_type=\"image.default\">\n\t\t\t\t\t\t\t\t\t\t\t\t\t\t\t<img fetchpriority=\"high\" decoding=\"async\" width=\"2560\" height=\"1440\" src=\"https:\/\/cerese-group.com\/app\/wp-content\/uploads\/2025\/10\/DJI_0335-scaled.webp\" class=\"attachment-full size-full wp-image-102\" alt=\"CERESE\" srcset=\"https:\/\/cerese-group.com\/app\/wp-content\/uploads\/2025\/10\/DJI_0335-scaled.webp 2560w, https:\/\/cerese-group.com\/app\/wp-content\/uploads\/2025\/10\/DJI_0335-300x169.webp 300w, https:\/\/cerese-group.com\/app\/wp-content\/uploads\/2025\/10\/DJI_0335-1024x576.webp 1024w, https:\/\/cerese-group.com\/app\/wp-content\/uploads\/2025\/10\/DJI_0335-768x432.webp 768w, https:\/\/cerese-group.com\/app\/wp-content\/uploads\/2025\/10\/DJI_0335-1536x864.webp 1536w, https:\/\/cerese-group.com\/app\/wp-content\/uploads\/2025\/10\/DJI_0335-2048x1152.webp 2048w\" sizes=\"(max-width: 2560px) 100vw, 2560px\" \/>\t\t\t\t\t\t\t\t\t\t\t\t\t\t\t<\/div>\n\t\t\t\t<div class=\"elementor-element elementor-element-2516fda elementor-widget elementor-widget-text-editor\" data-id=\"2516fda\" data-element_type=\"widget\" data-settings=\"{&quot;ekit_we_effect_on&quot;:&quot;none&quot;}\" data-widget_type=\"text-editor.default\">\n\t\t\t\t\t\t\t\t\t<h3 data-start=\"1994\" data-end=\"2031\"><strong data-start=\"1998\" data-end=\"2031\">Nos domaines d\u2019intervention :<\/strong><\/h3><ul data-start=\"2032\" data-end=\"2678\"><li data-start=\"2032\" data-end=\"2187\"><p data-start=\"2034\" data-end=\"2187\"><strong data-start=\"2034\" data-end=\"2094\">Conception et dimensionnement des syst\u00e8mes d\u2019eau potable<\/strong> : r\u00e9alisation d\u2019\u00e9tudes hydrauliques et d\u00e9finition des infrastructures d\u2019approvisionnement.<\/p><\/li><li data-start=\"2188\" data-end=\"2360\"><p data-start=\"2190\" data-end=\"2360\"><strong data-start=\"2190\" data-end=\"2242\">Traitement des eaux us\u00e9es et des d\u00e9chets solides<\/strong> : \u00e9laboration de proc\u00e9d\u00e9s \u00e9cologiques et \u00e9conomes en \u00e9nergie pour la d\u00e9pollution et la valorisation des ressources.<\/p><\/li><li data-start=\"2361\" data-end=\"2529\"><p data-start=\"2363\" data-end=\"2529\"><strong data-start=\"2363\" data-end=\"2403\">Syst\u00e8mes d\u2019irrigation et de drainage<\/strong> : conception de r\u00e9seaux adapt\u00e9s aux conditions locales pour am\u00e9liorer la productivit\u00e9 agricole et la r\u00e9silience climatique.<\/p><\/li><li data-start=\"2530\" data-end=\"2678\"><p data-start=\"2532\" data-end=\"2678\"><strong data-start=\"2532\" data-end=\"2574\">Restauration et fertilisation des sols<\/strong> : mise en \u0153uvre de techniques naturelles pour am\u00e9liorer la structure et la fertilit\u00e9 des sols d\u00e9grad\u00e9s.<\/p><\/li><\/ul>\t\t\t\t\t\t\t\t<\/div>\n\t\t<div class=\"elementor-element elementor-element-6a3c66bf e-con-full e-flex e-con e-child\" data-id=\"6a3c66bf\" data-element_type=\"container\">\n\t\t\t\t<div class=\"elementor-element elementor-element-56954fb2 elementor-widget elementor-widget-image\" data-id=\"56954fb2\" data-element_type=\"widget\" data-settings=\"{&quot;ekit_we_effect_on&quot;:&quot;none&quot;}\" data-widget_type=\"image.default\">\n\t\t\t\t\t\t\t\t\t\t\t\t\t\t\t<img decoding=\"async\" width=\"2560\" height=\"1440\" src=\"https:\/\/cerese-group.com\/app\/wp-content\/uploads\/2025\/12\/IMG_20211029_081425_6.jpg\" class=\"attachment-full size-full wp-image-679\" alt=\"\" srcset=\"https:\/\/cerese-group.com\/app\/wp-content\/uploads\/2025\/12\/IMG_20211029_081425_6.jpg 2560w, https:\/\/cerese-group.com\/app\/wp-content\/uploads\/2025\/12\/IMG_20211029_081425_6-300x169.jpg 300w, https:\/\/cerese-group.com\/app\/wp-content\/uploads\/2025\/12\/IMG_20211029_081425_6-1024x576.jpg 1024w, https:\/\/cerese-group.com\/app\/wp-content\/uploads\/2025\/12\/IMG_20211029_081425_6-768x432.jpg 768w, https:\/\/cerese-group.com\/app\/wp-content\/uploads\/2025\/12\/IMG_20211029_081425_6-1536x864.jpg 1536w, https:\/\/cerese-group.com\/app\/wp-content\/uploads\/2025\/12\/IMG_20211029_081425_6-2048x1152.jpg 2048w\" sizes=\"(max-width: 2560px) 100vw, 2560px\" \/>\t\t\t\t\t\t\t\t\t\t\t\t\t\t\t<\/div>\n\t\t\t\t<\/div>\n\t\t\t\t<div class=\"elementor-element elementor-element-1bf8f784 elementor-widget elementor-widget-text-editor\" data-id=\"1bf8f784\" data-element_type=\"widget\" data-settings=\"{&quot;ekit_we_effect_on&quot;:&quot;none&quot;}\" data-widget_type=\"text-editor.default\">\n\t\t\t\t\t\t\t\t\t<h3 data-start=\"2680\" data-end=\"2704\"><strong data-start=\"2684\" data-end=\"2704\">Notre approche :<\/strong><\/h3><ul data-start=\"2705\" data-end=\"2917\"><li data-start=\"2705\" data-end=\"2770\"><p data-start=\"2707\" data-end=\"2770\">M\u00e9thodologie rigoureuse fond\u00e9e sur des \u00e9tudes de faisabilit\u00e9.<\/p><\/li><li data-start=\"2771\" data-end=\"2823\"><p data-start=\"2773\" data-end=\"2823\">Outils de mod\u00e9lisation et d\u2019analyse g\u00e9ospatiale.<\/p><\/li><li data-start=\"2824\" data-end=\"2917\"><p data-start=\"2826\" data-end=\"2917\">Solutions sur mesure respectant les normes environnementales nationales et internationales.<\/p><\/li><\/ul>\t\t\t\t\t\t\t\t<\/div>\n\t\t\t\t<\/div>\n\t\t<div class=\"elementor-element elementor-element-6c3c9293 e-con-full e-flex e-con e-child\" data-id=\"6c3c9293\" data-element_type=\"container\">\n\t\t<div class=\"elementor-element elementor-element-76e2ee3a e-con-full e-flex e-con e-child\" data-id=\"76e2ee3a\" data-element_type=\"container\">\n\t\t\t\t<div class=\"elementor-element elementor-element-427ed10e elementor-widget elementor-widget-heading\" data-id=\"427ed10e\" data-element_type=\"widget\" data-settings=\"{&quot;ekit_we_effect_on&quot;:&quot;none&quot;}\" data-widget_type=\"heading.default\">\n\t\t\t\t\t<h4 class=\"elementor-heading-title elementor-size-default\">Liste des services<\/h4>\t\t\t\t<\/div>\n\t\t\t\t<div class=\"elementor-element elementor-element-188fa54f elementor-widget elementor-widget-spacer\" data-id=\"188fa54f\" data-element_type=\"widget\" data-settings=\"{&quot;ekit_we_effect_on&quot;:&quot;none&quot;}\" data-widget_type=\"spacer.default\">\n\t\t\t\t\t\t\t<div class=\"elementor-spacer\">\n\t\t\t<div class=\"elementor-spacer-inner\"><\/div>\n\t\t<\/div>\n\t\t\t\t\t\t<\/div>\n\t\t\t\t<div class=\"elementor-element elementor-element-142ab105 elementor-align-justify elementor-widget elementor-widget-button\" data-id=\"142ab105\" data-element_type=\"widget\" data-settings=\"{&quot;ekit_we_effect_on&quot;:&quot;none&quot;}\" data-widget_type=\"button.default\">\n\t\t\t\t\t\t\t\t\t\t<a class=\"elementor-button elementor-button-link elementor-size-sm\" href=\"https:\/\/cerese-group.com\/app\/etudes-et-ingenierie-environnementale\/\">\n\t\t\t\t\t\t<span class=\"elementor-button-content-wrapper\">\n\t\t\t\t\t\t\t\t\t<span class=\"elementor-button-text\">\u00c9tudes et Ing\u00e9nierie Environnementale<\/span>\n\t\t\t\t\t<\/span>\n\t\t\t\t\t<\/a>\n\t\t\t\t\t\t\t\t<\/div>\n\t\t\t\t<div class=\"elementor-element elementor-element-76b011cd elementor-align-justify elementor-widget elementor-widget-button\" data-id=\"76b011cd\" data-element_type=\"widget\" data-settings=\"{&quot;ekit_we_effect_on&quot;:&quot;none&quot;}\" data-widget_type=\"button.default\">\n\t\t\t\t\t\t\t\t\t\t<a class=\"elementor-button elementor-button-link elementor-size-sm\" href=\"https:\/\/cerese-group.com\/app\/collecte-analyse-de-donnees-et-gestion-des-ecosystemes\/\">\n\t\t\t\t\t\t<span class=\"elementor-button-content-wrapper\">\n\t\t\t\t\t\t\t\t\t<span class=\"elementor-button-text\">Collecte, Analyse de Donn\u00e9es et Gestion des \u00c9cosyst\u00e8mes<\/span>\n\t\t\t\t\t<\/span>\n\t\t\t\t\t<\/a>\n\t\t\t\t\t\t\t\t<\/div>\n\t\t\t\t<div class=\"elementor-element elementor-element-56739e1f elementor-align-justify elementor-widget elementor-widget-button\" data-id=\"56739e1f\" data-element_type=\"widget\" data-settings=\"{&quot;ekit_we_effect_on&quot;:&quot;none&quot;}\" data-widget_type=\"button.default\">\n\t\t\t\t\t\t\t\t\t\t<a class=\"elementor-button elementor-button-link elementor-size-sm\" href=\"https:\/\/cerese-group.com\/app\/innovation-et-systemes-intelligents\/\">\n\t\t\t\t\t\t<span class=\"elementor-button-content-wrapper\">\n\t\t\t\t\t\t\t\t\t<span class=\"elementor-button-text\">Innovation et Syst\u00e8mes Intelligents<\/span>\n\t\t\t\t\t<\/span>\n\t\t\t\t\t<\/a>\n\t\t\t\t\t\t\t\t<\/div>\n\t\t\t\t<div class=\"elementor-element elementor-element-2b5ae76a elementor-align-justify elementor-widget elementor-widget-button\" data-id=\"2b5ae76a\" data-element_type=\"widget\" data-settings=\"{&quot;ekit_we_effect_on&quot;:&quot;none&quot;}\" data-widget_type=\"button.default\">\n\t\t\t\t\t\t\t\t\t\t<a class=\"elementor-button elementor-button-link elementor-size-sm\" href=\"#\">\n\t\t\t\t\t\t<span class=\"elementor-button-content-wrapper\">\n\t\t\t\t\t\t\t\t\t<span class=\"elementor-button-text\">Conseil et Renforcement des Capacit\u00e9s<\/span>\n\t\t\t\t\t<\/span>\n\t\t\t\t\t<\/a>\n\t\t\t\t\t\t\t\t<\/div>\n\t\t\t\t<\/div>\n\t\t<div class=\"elementor-element elementor-element-70163431 e-con-full e-flex e-con e-child\" data-id=\"70163431\" data-element_type=\"container\">\n\t\t<div class=\"elementor-element elementor-element-724030f8 e-con-full e-flex e-con e-child\" data-id=\"724030f8\" data-element_type=\"container\" data-settings=\"{&quot;background_background&quot;:&quot;classic&quot;}\">\n\t\t\t\t<\/div>\n\t\t<div class=\"elementor-element elementor-element-4dab363f e-con-full e-flex e-con e-child\" data-id=\"4dab363f\" data-element_type=\"container\" data-settings=\"{&quot;background_background&quot;:&quot;gradient&quot;}\">\n\t\t\t\t<div class=\"elementor-element elementor-element-86b78dd elementor-widget elementor-widget-heading\" data-id=\"86b78dd\" data-element_type=\"widget\" data-settings=\"{&quot;ekit_we_effect_on&quot;:&quot;none&quot;}\" data-widget_type=\"heading.default\">\n\t\t\t\t\t<h4 class=\"elementor-heading-title elementor-size-default\">Vous avez une question ?<\/h4>\t\t\t\t<\/div>\n\t\t\t\t<div class=\"elementor-element elementor-element-41bc22d elementor-widget elementor-widget-text-editor\" data-id=\"41bc22d\" data-element_type=\"widget\" data-settings=\"{&quot;ekit_we_effect_on&quot;:&quot;none&quot;}\" data-widget_type=\"text-editor.default\">\n\t\t\t\t\t\t\t\t\t<p><strong>Contactez nos experts<\/strong><\/p>\t\t\t\t\t\t\t\t<\/div>\n\t\t\t\t<div class=\"elementor-element elementor-element-5b73edcb elementor-view-stacked elementor-position-left elementor-mobile-position-left elementor-widget-mobile__width-initial elementor-shape-circle elementor-widget elementor-widget-icon-box\" data-id=\"5b73edcb\" data-element_type=\"widget\" data-settings=\"{&quot;ekit_we_effect_on&quot;:&quot;none&quot;}\" data-widget_type=\"icon-box.default\">\n\t\t\t\t\t\t\t<div class=\"elementor-icon-box-wrapper\">\n\n\t\t\t\t\t\t<div class=\"elementor-icon-box-icon\">\n\t\t\t\t<span  class=\"elementor-icon\">\n\t\t\t\t<svg aria-hidden=\"true\" class=\"e-font-icon-svg e-fas-phone-alt\" viewBox=\"0 0 512 512\" xmlns=\"http:\/\/www.w3.org\/2000\/svg\"><path d=\"M497.39 361.8l-112-48a24 24 0 0 0-28 6.9l-49.6 60.6A370.66 370.66 0 0 1 130.6 204.11l60.6-49.6a23.94 23.94 0 0 0 6.9-28l-48-112A24.16 24.16 0 0 0 122.6.61l-104 24A24 24 0 0 0 0 48c0 256.5 207.9 464 464 464a24 24 0 0 0 23.4-18.6l24-104a24.29 24.29 0 0 0-14.01-27.6z\"><\/path><\/svg>\t\t\t\t<\/span>\n\t\t\t<\/div>\n\t\t\t\n\t\t\t\t\t\t<div class=\"elementor-icon-box-content\">\n\n\t\t\t\t\t\t\t\t\t<p class=\"elementor-icon-box-title\">\n\t\t\t\t\t\t<span  >\n\t\t\t\t\t\t\tT\u00e9l\u00e9phone\t\t\t\t\t\t<\/span>\n\t\t\t\t\t<\/p>\n\t\t\t\t\n\t\t\t\t\t\t\t\t\t<p class=\"elementor-icon-box-description\">\n\t\t\t\t\t\t+229 01 426 036 30\t\t\t\t\t<\/p>\n\t\t\t\t\n\t\t\t<\/div>\n\t\t\t\n\t\t<\/div>\n\t\t\t\t\t\t<\/div>\n\t\t\t\t<\/div>\n\t\t\t\t<\/div>\n\t\t\t\t<\/div>\n\t\t\t\t\t<\/div>\n\t\t\t\t<\/div>\n\t\t\t\t<\/div>\n\t\t","protected":false},"excerpt":{"rendered":"<p>\u00c9tudes et Ing\u00e9nierie Environnementale Accueil&gt; Services &gt; \u00c9tudes et Ing\u00e9nierie Environnementale Des solutions techniques pour la gestion durable des ressources naturelles. Ce d\u00e9partement regroupe nos ing\u00e9nieurs et techniciens sp\u00e9cialis\u00e9s en conception environnementale.Ils accompagnent les ma\u00eetres d\u2019ouvrage, collectivit\u00e9s et entreprises dans la planification, la conception et la mise en \u0153uvre de syst\u00e8mes \u00e9cologiques performants. \u00a0 Nos [&hellip;]<\/p>\n","protected":false},"author":1,"featured_media":0,"parent":216,"menu_order":4,"comment_status":"closed","ping_status":"closed","template":"elementor_header_footer","meta":{"footnotes":""},"class_list":["post-218","page","type-page","status-publish","hentry"],"_links":{"self":[{"href":"https:\/\/cerese-group.com\/app\/wp-json\/wp\/v2\/pages\/218","targetHints":{"allow":["GET"]}}],"collection":[{"href":"https:\/\/cerese-group.com\/app\/wp-json\/wp\/v2\/pages"}],"about":[{"href":"https:\/\/cerese-group.com\/app\/wp-json\/wp\/v2\/types\/page"}],"author":[{"embeddable":true,"href":"https:\/\/cerese-group.com\/app\/wp-json\/wp\/v2\/users\/1"}],"replies":[{"embeddable":true,"href":"https:\/\/cerese-group.com\/app\/wp-json\/wp\/v2\/comments?post=218"}],"version-history":[{"count":35,"href":"https:\/\/cerese-group.com\/app\/wp-json\/wp\/v2\/pages\/218\/revisions"}],"predecessor-version":[{"id":902,"href":"https:\/\/cerese-group.com\/app\/wp-json\/wp\/v2\/pages\/218\/revisions\/902"}],"up":[{"embeddable":true,"href":"https:\/\/cerese-group.com\/app\/wp-json\/wp\/v2\/pages\/216"}],"wp:attachment":[{"href":"https:\/\/cerese-group.com\/app\/wp-json\/wp\/v2\/media?parent=218"}],"curies":[{"name":"wp","href":"https:\/\/api.w.org\/{rel}","templated":true}]}}